{"id":973,"date":"2012-01-09T04:18:21","date_gmt":"2012-01-09T03:18:21","guid":{"rendered":"http:\/\/www.rcv.de\/?page_id=973"},"modified":"2017-11-06T11:57:52","modified_gmt":"2017-11-06T10:57:52","slug":"programm-ablaufe","status":"publish","type":"page","link":"https:\/\/www.rcv1936.de\/rcv\/programm-ablaufe\/","title":{"rendered":"PROGRAMM-ABL\u00c4UFE"},"content":{"rendered":"<p>Wir ver\u00f6ffentlichen nachfolgend die voraussichtlichen Programm-Abl\u00e4ufe aller Veranstaltungen im Rahmen des MEGAFASTNACHTSWOCHENENDE 2018.<\/p>\n<p>\u00c4nderungen und Zus\u00e4tze, auch kurzfristig, bleiben vorbehalten.<br \/>\nDen Stand der Daten entnehmen Sie der jeweiligen Veranstaltung.<\/p>\n<p>Bei Fragen zu den Programm-Abl\u00e4ufen wenden Sie sich bitte an<br \/>\n<a href=\"mailto:vorstand@rcv.de\">vorstand(at)rcv.de<\/a><\/p>\n<p>Medienanfragen zur Stra\u00dfenfastnacht richten Sie bitte an<br \/>\n<a href=\"mailto:vorstand@rcv.de\">vorstand(at)rcv.de<\/a><\/p>\n<p><strong>Aufstellung &#8222;HELLH\u00d6RIG&#8220;<\/strong> &#8211; Fackel- und Laternenzug am xx.xx.201X<br \/>\n<em>Aufstellung geplant (Stand xx.xx.xxxx)<br \/>\n<\/em><\/p>\n<p><strong>Programm-Ablauf &#8222;LAUSCHANGRIFF&#8220;<\/strong> &#8211; Musikspektakel am xx.xx.201X<br \/>\n<em>Teilnehmer geplant (Stand xx.xx.xxxx)<\/em><em><br \/>\n<\/em><\/p>\n<p><strong>Aufstellung &#8222;KIRCHGANG&#8220;<\/strong> &#8211; Musikkorso zur Stadtkirche am xx.xx.2018<br \/>\n<em>Aufstellung geplant (Stand xx.xx.xxxx)<br \/>\n<\/em><\/p>\n<p><strong>Teilnehmer &#8222;GUGGE GOES GOTTESDIENST&#8220;<\/strong> &#8211; Der &#8222;etwas andere&#8220; Gottesdienst am xx.xx.201X<em><br \/>\n<\/em><\/p>\n<p><em>Achtung! Die Auflistung stellt keine Abfolge dar! <\/em><\/p>\n<p><strong>Programm-Ablauf &#8222;SCHLUSS-AKKORD&#8220;<\/strong> &#8211; Narrenparty am xx.xx.201X<br \/>\n<em>(Stand 25<em><em>.09.2017<\/em><\/em>)<br \/>\n<\/em><\/p>\n<p><em>Achtung! Vorl\u00e4ufige Planungen. \u00c4nderungen noch am Veranstaltungstag m\u00f6glich!<\/em><\/p>\n<p>&nbsp;<\/p>\n","protected":false},"excerpt":{"rendered":"<p>Wir ver\u00f6ffentlichen nachfolgend die voraussichtlichen Programm-Abl\u00e4ufe aller Veranstaltungen im Rahmen des MEGAFASTNACHTSWOCHENENDE 2018. \u00c4nderungen und Zus\u00e4tze, auch kurzfristig, bleiben vorbehalten. Den Stand der Daten entnehmen Sie der jeweiligen Veranstaltung. Bei Fragen zu den Programm-Abl\u00e4ufen wenden Sie sich bitte an vorstand(at)rcv.de &hellip; <a href=\"https:\/\/www.rcv1936.de\/rcv\/programm-ablaufe\/\">Weiterlesen <span class=\"meta-nav\">&rarr;<\/span><\/a><\/p>\n","protected":false},"author":10,"featured_media":0,"parent":0,"menu_order":0,"comment_status":"closed","ping_status":"closed","template":"","meta":{"ngg_post_thumbnail":0,"footnotes":""},"class_list":["post-973","page","type-page","status-publish","hentry"],"_links":{"self":[{"href":"https:\/\/www.rcv1936.de\/rcv\/wp-json\/wp\/v2\/pages\/973","targetHints":{"allow":["GET"]}}],"collection":[{"href":"https:\/\/www.rcv1936.de\/rcv\/wp-json\/wp\/v2\/pages"}],"about":[{"href":"https:\/\/www.rcv1936.de\/rcv\/wp-json\/wp\/v2\/types\/page"}],"author":[{"embeddable":true,"href":"https:\/\/www.rcv1936.de\/rcv\/wp-json\/wp\/v2\/users\/10"}],"replies":[{"embeddable":true,"href":"https:\/\/www.rcv1936.de\/rcv\/wp-json\/wp\/v2\/comments?post=973"}],"version-history":[{"count":47,"href":"https:\/\/www.rcv1936.de\/rcv\/wp-json\/wp\/v2\/pages\/973\/revisions"}],"predecessor-version":[{"id":5415,"href":"https:\/\/www.rcv1936.de\/rcv\/wp-json\/wp\/v2\/pages\/973\/revisions\/5415"}],"wp:attachment":[{"href":"https:\/\/www.rcv1936.de\/rcv\/wp-json\/wp\/v2\/media?parent=973"}],"curies":[{"name":"wp","href":"https:\/\/api.w.org\/{rel}","templated":true}]}}