{"id":923,"date":"2011-12-14T09:16:14","date_gmt":"2011-12-14T08:16:14","guid":{"rendered":"http:\/\/www.rcv.de\/?page_id=923"},"modified":"2023-07-15T07:54:03","modified_gmt":"2023-07-15T05:54:03","slug":"partnersponsoren","status":"publish","type":"page","link":"https:\/\/www.rcv1936.de\/rcv\/partnersponsoren\/","title":{"rendered":"G\u00f6nner"},"content":{"rendered":"\n<p>Fragen zu Sponsoren + Anzeigen in der Festschrift ?                                                                    <\/p>\n\n\n\n<p>Ihr Ansprechpartner                                                                                                              Karl-Heinz Eitel                                                                                                                       1. Vorsitzender                                                                                                                 Am Forsthaus Gravenbruch 59                                                                                          63263 Neu-Isenburg-                                                                                                        E-Mail: Karl-HeinzEitel@web.de<\/p>\n\n\n\n<p>F\u00fcr ihre freundliche Unterst\u00fctzung danken wir folgenden Unternehmen\/Partnern:<\/p>\n\n\n\n<figure class=\"wp-block-image size-full\"><a href=\"https:\/\/www.rcv1936.de\/rcv\/wp-content\/uploads\/2023\/07\/Logo_RVoba-BbgNEU_klein.jpg\"><img loading=\"lazy\" decoding=\"async\" width=\"443\" height=\"49\" src=\"https:\/\/www.rcv1936.de\/rcv\/wp-content\/uploads\/2023\/07\/Logo_RVoba-BbgNEU_klein.jpg\" alt=\"\" class=\"wp-image-6748\" srcset=\"https:\/\/www.rcv1936.de\/rcv\/wp-content\/uploads\/2023\/07\/Logo_RVoba-BbgNEU_klein.jpg 443w, https:\/\/www.rcv1936.de\/rcv\/wp-content\/uploads\/2023\/07\/Logo_RVoba-BbgNEU_klein-300x33.jpg 300w\" sizes=\"auto, (max-width: 443px) 100vw, 443px\" \/><\/a><\/figure>\n\n\n\n<figure class=\"wp-block-image size-large is-resized\"><img loading=\"lazy\" decoding=\"async\" src=\"https:\/\/www.rcv1936.de\/rcv\/wp-content\/uploads\/2021\/01\/KSK_weiss_auf_rot_LOGO-1024x410.jpg\" alt=\"\" class=\"wp-image-6528\" width=\"395\" height=\"158\" srcset=\"https:\/\/www.rcv1936.de\/rcv\/wp-content\/uploads\/2021\/01\/KSK_weiss_auf_rot_LOGO-1024x410.jpg 1024w, https:\/\/www.rcv1936.de\/rcv\/wp-content\/uploads\/2021\/01\/KSK_weiss_auf_rot_LOGO-300x120.jpg 300w, https:\/\/www.rcv1936.de\/rcv\/wp-content\/uploads\/2021\/01\/KSK_weiss_auf_rot_LOGO-768x307.jpg 768w, https:\/\/www.rcv1936.de\/rcv\/wp-content\/uploads\/2021\/01\/KSK_weiss_auf_rot_LOGO.jpg 1182w\" sizes=\"auto, (max-width: 395px) 100vw, 395px\" \/><figcaption class=\"wp-element-caption\">Kreis-Sparkasse  Gro\u00df-Gerau<\/figcaption><\/figure>\n\n\n\n<figure class=\"wp-block-image size-large is-resized\"><img loading=\"lazy\" decoding=\"async\" src=\"https:\/\/www.rcv1936.de\/rcv\/wp-content\/uploads\/2021\/03\/logo-Stadtwerke-Ruesselsheim.png\" alt=\"\" class=\"wp-image-6543\" width=\"379\" height=\"173\"\/><figcaption class=\"wp-element-caption\"><strong>Stadtwerke R\u00fcsselsheim<\/strong><\/figcaption><\/figure>\n\n\n\n<figure class=\"wp-block-image size-large is-resized\"><img loading=\"lazy\" decoding=\"async\" src=\"https:\/\/www.rcv1936.de\/rcv\/wp-content\/uploads\/2021\/03\/orgalog.png\" alt=\"\" class=\"wp-image-6549\" width=\"382\" height=\"158\"\/><figcaption class=\"wp-element-caption\">orgalog &#8211; Logistik &#8211; Raunheim<\/figcaption><\/figure>\n\n\n\n<figure class=\"wp-block-image size-large is-resized\"><img loading=\"lazy\" decoding=\"async\" src=\"https:\/\/www.rcv1936.de\/rcv\/wp-content\/uploads\/2021\/03\/logo_ruesslesheim-2015.png\" alt=\"\" class=\"wp-image-6542\" width=\"306\" height=\"118\"\/><figcaption class=\"wp-element-caption\"><strong>Stadt R\u00fcsselsheim<\/strong> <strong>am Main<\/strong><\/figcaption><\/figure>\n\n\n\n<figure class=\"wp-block-image size-large is-resized\"><img loading=\"lazy\" decoding=\"async\" src=\"https:\/\/www.rcv1936.de\/rcv\/wp-content\/uploads\/2021\/03\/cucm_logo_big.gif\" alt=\"\" class=\"wp-image-6540\" width=\"316\" height=\"63\"\/><figcaption class=\"wp-element-caption\"><strong>CompUser-Club Mainspitze e.V. <\/strong><br><strong>R\u00fcsselsheim<\/strong><\/figcaption><\/figure>\n\n\n\n<figure class=\"wp-block-image size-large is-resized\"><img loading=\"lazy\" decoding=\"async\" src=\"https:\/\/www.rcv1936.de\/rcv\/wp-content\/uploads\/2021\/03\/logo-kipp.png\" alt=\"\" class=\"wp-image-6539\" width=\"300\" height=\"85\"\/><figcaption class=\"wp-element-caption\">Josef Kipp &#8211; Tiefbau + Pflasterungen<br>Frankfurt &#8211; Griesheim<\/figcaption><\/figure>\n\n\n\n<figure class=\"wp-block-image size-large is-resized\"><img loading=\"lazy\" decoding=\"async\" src=\"https:\/\/www.rcv1936.de\/rcv\/wp-content\/uploads\/2021\/03\/Logoklein-KSM.jpg\" alt=\"\" class=\"wp-image-6536\" width=\"289\" height=\"104\"\/><figcaption class=\"wp-element-caption\"><strong>Kanalsanierung &#8211; Mayer  <\/strong><br><strong>Bischofsheim<\/strong><\/figcaption><\/figure>\n\n\n\n<figure class=\"wp-block-image size-large is-resized\"><img loading=\"lazy\" decoding=\"async\" src=\"https:\/\/www.rcv1936.de\/rcv\/wp-content\/uploads\/2021\/03\/Meeser-LOGO_DE.jpg\" alt=\"\" class=\"wp-image-6555\" width=\"245\" height=\"241\" srcset=\"https:\/\/www.rcv1936.de\/rcv\/wp-content\/uploads\/2021\/03\/Meeser-LOGO_DE.jpg 336w, https:\/\/www.rcv1936.de\/rcv\/wp-content\/uploads\/2021\/03\/Meeser-LOGO_DE-300x295.jpg 300w\" sizes=\"auto, (max-width: 245px) 100vw, 245px\" \/><figcaption class=\"wp-element-caption\"><strong>Druckerei Meeser &#8211; R\u00fcsselsheim<\/strong><\/figcaption><\/figure>\n\n\n\n<figure class=\"wp-block-image size-large is-resized\"><img loading=\"lazy\" decoding=\"async\" src=\"https:\/\/www.rcv1936.de\/rcv\/wp-content\/uploads\/2021\/04\/Cafe-Heinz-A4-2021_LOGO_klein__.jpg\" alt=\"\" class=\"wp-image-6600\" width=\"340\" height=\"197\" srcset=\"https:\/\/www.rcv1936.de\/rcv\/wp-content\/uploads\/2021\/04\/Cafe-Heinz-A4-2021_LOGO_klein__.jpg 315w, https:\/\/www.rcv1936.de\/rcv\/wp-content\/uploads\/2021\/04\/Cafe-Heinz-A4-2021_LOGO_klein__-300x174.jpg 300w\" sizes=\"auto, (max-width: 340px) 100vw, 340px\" \/><figcaption class=\"wp-element-caption\"><strong>Caf\u00e8 Heinz am Markt <\/strong><br>R\u00fcsselsheim<\/figcaption><\/figure>\n\n\n\n<p><\/p>\n\n\n\n<figure class=\"wp-block-image size-large is-resized\"><img loading=\"lazy\" decoding=\"async\" src=\"https:\/\/www.rcv1936.de\/rcv\/wp-content\/uploads\/2021\/04\/EDEKA-logo.png\" alt=\"\" class=\"wp-image-6589\" width=\"309\" height=\"367\"\/><figcaption class=\"wp-element-caption\"><strong>EDEKA Bo\u00dfler <\/strong><br>Nauheim &amp; R\u00fcsselsheim- K\u00f6nigst\u00e4dten<\/figcaption><\/figure>\n\n\n<div class=\"wp-block-image\">\n<figure class=\"aligncenter size-large\"><img loading=\"lazy\" decoding=\"async\" width=\"720\" height=\"130\" src=\"https:\/\/www.rcv1936.de\/rcv\/wp-content\/uploads\/2021\/04\/EDEKA_bossler.png\" alt=\"\" class=\"wp-image-6603\" srcset=\"https:\/\/www.rcv1936.de\/rcv\/wp-content\/uploads\/2021\/04\/EDEKA_bossler.png 720w, https:\/\/www.rcv1936.de\/rcv\/wp-content\/uploads\/2021\/04\/EDEKA_bossler-300x54.png 300w\" sizes=\"auto, (max-width: 720px) 100vw, 720px\" \/><\/figure>\n<\/div>\n\n\n<figure class=\"wp-block-image size-large is-resized\"><img loading=\"lazy\" decoding=\"async\" src=\"https:\/\/www.rcv1936.de\/rcv\/wp-content\/uploads\/2021\/03\/Kreis-Gross-Gerau.jpg\" alt=\"\" class=\"wp-image-6567\" width=\"314\" height=\"314\" srcset=\"https:\/\/www.rcv1936.de\/rcv\/wp-content\/uploads\/2021\/03\/Kreis-Gross-Gerau.jpg 180w, https:\/\/www.rcv1936.de\/rcv\/wp-content\/uploads\/2021\/03\/Kreis-Gross-Gerau-150x150.jpg 150w\" sizes=\"auto, (max-width: 314px) 100vw, 314px\" \/><figcaption class=\"wp-element-caption\"><strong>Kreis Gro\u00df-Gerau<\/strong><\/figcaption><\/figure>\n\n\n\n<figure class=\"wp-block-image size-large is-resized\"><img loading=\"lazy\" decoding=\"async\" src=\"https:\/\/www.rcv1936.de\/rcv\/wp-content\/uploads\/2021\/03\/BENDER.png\" alt=\"\" class=\"wp-image-6546\" width=\"244\" height=\"107\"\/><figcaption class=\"wp-element-caption\"><strong>Bender &#8211; Bedachungen  <\/strong><br>R\u00fcsselsheim<\/figcaption><\/figure>\n\n\n\n<figure class=\"wp-block-image size-large is-resized\"><img loading=\"lazy\" decoding=\"async\" src=\"https:\/\/www.rcv1936.de\/rcv\/wp-content\/uploads\/2021\/03\/image-Udo-Biebel.png\" alt=\"\" class=\"wp-image-6537\" width=\"242\" height=\"198\" srcset=\"https:\/\/www.rcv1936.de\/rcv\/wp-content\/uploads\/2021\/03\/image-Udo-Biebel.png 365w, https:\/\/www.rcv1936.de\/rcv\/wp-content\/uploads\/2021\/03\/image-Udo-Biebel-300x246.png 300w\" sizes=\"auto, (max-width: 242px) 100vw, 242px\" \/><figcaption class=\"wp-element-caption\"><strong>Udo Biebel &#8211; Schausteller<\/strong>  R\u00fcsselsheim<\/figcaption><\/figure>\n\n\n\n<figure class=\"wp-block-image size-large is-resized\"><img loading=\"lazy\" decoding=\"async\" src=\"https:\/\/www.rcv1936.de\/rcv\/wp-content\/uploads\/2021\/03\/logo-DachSchmidt.png\" alt=\"\" class=\"wp-image-6544\" width=\"289\" height=\"59\" srcset=\"https:\/\/www.rcv1936.de\/rcv\/wp-content\/uploads\/2021\/03\/logo-DachSchmidt.png 390w, https:\/\/www.rcv1936.de\/rcv\/wp-content\/uploads\/2021\/03\/logo-DachSchmidt-300x62.png 300w\" sizes=\"auto, (max-width: 289px) 100vw, 289px\" \/><figcaption class=\"wp-element-caption\"><strong>Schmidt &#8211; Dachdeckerfachbetrieb  <\/strong><br>R\u00fcsselsheim<\/figcaption><\/figure>\n\n\n\n<figure class=\"wp-block-image size-large is-resized\"><img loading=\"lazy\" decoding=\"async\" src=\"https:\/\/www.rcv1936.de\/rcv\/wp-content\/uploads\/2021\/03\/JUNG-Maler.png\" alt=\"\" class=\"wp-image-6545\" width=\"297\" height=\"104\"\/><figcaption class=\"wp-element-caption\"><strong>Malermeister JUNG &#8211; <\/strong><br>R\u00fcsselsheim<\/figcaption><\/figure>\n\n\n\n<figure class=\"wp-block-image size-large is-resized\"><img loading=\"lazy\" decoding=\"async\" src=\"https:\/\/www.rcv1936.de\/rcv\/wp-content\/uploads\/2021\/04\/G-P-R-LOGO_DE_Festschrift.jpg\" alt=\"\" class=\"wp-image-6584\" width=\"313\" height=\"171\"\/><figcaption class=\"wp-element-caption\"><strong>Gesundheits- und Pflegezentrum  <\/strong><br>R\u00fcsselsheim<\/figcaption><\/figure>\n\n\n\n<figure class=\"wp-block-image size-large is-resized\"><img loading=\"lazy\" decoding=\"async\" src=\"https:\/\/www.rcv1936.de\/rcv\/wp-content\/uploads\/2021\/04\/JUNGINGER_OK.jpg\" alt=\"\" class=\"wp-image-6579\" width=\"317\" height=\"122\"\/><figcaption class=\"wp-element-caption\"><strong>Junginger &#8211; hautnahe Mode  <\/strong><br>R\u00fcsselsheim<\/figcaption><\/figure>\n\n\n\n<figure class=\"wp-block-image size-large is-resized\"><img loading=\"lazy\" decoding=\"async\" src=\"https:\/\/www.rcv1936.de\/rcv\/wp-content\/uploads\/2021\/04\/HAAS-Buelemente-2021_jpg-1024x356.jpg\" alt=\"\" class=\"wp-image-6573\" width=\"314\" height=\"109\" srcset=\"https:\/\/www.rcv1936.de\/rcv\/wp-content\/uploads\/2021\/04\/HAAS-Buelemente-2021_jpg-1024x356.jpg 1024w, https:\/\/www.rcv1936.de\/rcv\/wp-content\/uploads\/2021\/04\/HAAS-Buelemente-2021_jpg-300x104.jpg 300w, https:\/\/www.rcv1936.de\/rcv\/wp-content\/uploads\/2021\/04\/HAAS-Buelemente-2021_jpg-768x267.jpg 768w, https:\/\/www.rcv1936.de\/rcv\/wp-content\/uploads\/2021\/04\/HAAS-Buelemente-2021_jpg-1536x535.jpg 1536w, https:\/\/www.rcv1936.de\/rcv\/wp-content\/uploads\/2021\/04\/HAAS-Buelemente-2021_jpg-2048x713.jpg 2048w\" sizes=\"auto, (max-width: 314px) 100vw, 314px\" \/><figcaption class=\"wp-element-caption\"><strong>HAAS &#8211; Bauelemente   <\/strong><br>R\u00fcsselsheim<\/figcaption><\/figure>\n\n\n\n<figure class=\"wp-block-image size-large is-resized\"><img loading=\"lazy\" decoding=\"async\" src=\"https:\/\/www.rcv1936.de\/rcv\/wp-content\/uploads\/2021\/04\/Staab-LOGO.jpg\" alt=\"\" class=\"wp-image-6577\" width=\"364\" height=\"54\"\/><figcaption class=\"wp-element-caption\"><strong>Getr\u00e4nkevertrieb  Staab<\/strong><br>R\u00fcsselsheim<\/figcaption><\/figure>\n\n\n\n<figure class=\"wp-block-image size-large is-resized\"><img loading=\"lazy\" decoding=\"async\" src=\"https:\/\/www.rcv1936.de\/rcv\/wp-content\/uploads\/2021\/04\/LOGO-Nihat.png\" alt=\"\" class=\"wp-image-6578\" width=\"371\" height=\"156\" srcset=\"https:\/\/www.rcv1936.de\/rcv\/wp-content\/uploads\/2021\/04\/LOGO-Nihat.png 431w, https:\/\/www.rcv1936.de\/rcv\/wp-content\/uploads\/2021\/04\/LOGO-Nihat-300x125.png 300w\" sizes=\"auto, (max-width: 371px) 100vw, 371px\" \/><figcaption class=\"wp-element-caption\"><strong>Fliesen Nihat <\/strong><br>R\u00fcsselsheim<\/figcaption><\/figure>\n\n\n\n<figure class=\"wp-block-image size-large\"><img loading=\"lazy\" decoding=\"async\" width=\"507\" height=\"90\" src=\"https:\/\/www.rcv1936.de\/rcv\/wp-content\/uploads\/2021\/04\/NIKOLAI__Logo.png.jpg\" alt=\"\" class=\"wp-image-6597\" srcset=\"https:\/\/www.rcv1936.de\/rcv\/wp-content\/uploads\/2021\/04\/NIKOLAI__Logo.png.jpg 507w, https:\/\/www.rcv1936.de\/rcv\/wp-content\/uploads\/2021\/04\/NIKOLAI__Logo.png-300x53.jpg 300w\" sizes=\"auto, (max-width: 507px) 100vw, 507px\" \/><figcaption class=\"wp-element-caption\"><strong>Autolackier- und Karosserie-Fachbetrieb<\/strong><br><strong>Gebr. NIKOLAI OHG <\/strong><br>R\u00fcsselsheim<\/figcaption><\/figure>\n","protected":false},"excerpt":{"rendered":"<p>Fragen zu Sponsoren + Anzeigen in der Festschrift ? Ihr Ansprechpartner Karl-Heinz Eitel 1. Vorsitzender Am Forsthaus Gravenbruch 59 63263 Neu-Isenburg- E-Mail: Karl-HeinzEitel@web.de F\u00fcr ihre freundliche Unterst\u00fctzung danken wir folgenden Unternehmen\/Partnern:<\/p>\n","protected":false},"author":10,"featured_media":0,"parent":0,"menu_order":0,"comment_status":"closed","ping_status":"closed","template":"","meta":{"ngg_post_thumbnail":0,"footnotes":""},"class_list":["post-923","page","type-page","status-publish","hentry"],"_links":{"self":[{"href":"https:\/\/www.rcv1936.de\/rcv\/wp-json\/wp\/v2\/pages\/923","targetHints":{"allow":["GET"]}}],"collection":[{"href":"https:\/\/www.rcv1936.de\/rcv\/wp-json\/wp\/v2\/pages"}],"about":[{"href":"https:\/\/www.rcv1936.de\/rcv\/wp-json\/wp\/v2\/types\/page"}],"author":[{"embeddable":true,"href":"https:\/\/www.rcv1936.de\/rcv\/wp-json\/wp\/v2\/users\/10"}],"replies":[{"embeddable":true,"href":"https:\/\/www.rcv1936.de\/rcv\/wp-json\/wp\/v2\/comments?post=923"}],"version-history":[{"count":134,"href":"https:\/\/www.rcv1936.de\/rcv\/wp-json\/wp\/v2\/pages\/923\/revisions"}],"predecessor-version":[{"id":6750,"href":"https:\/\/www.rcv1936.de\/rcv\/wp-json\/wp\/v2\/pages\/923\/revisions\/6750"}],"wp:attachment":[{"href":"https:\/\/www.rcv1936.de\/rcv\/wp-json\/wp\/v2\/media?parent=923"}],"curies":[{"name":"wp","href":"https:\/\/api.w.org\/{rel}","templated":true}]}}