{"id":5426,"date":"2017-11-20T20:16:39","date_gmt":"2017-11-20T19:16:39","guid":{"rendered":"http:\/\/www.rcv1936.de\/rcv\/?page_id=5426"},"modified":"2020-06-23T19:03:20","modified_gmt":"2020-06-23T17:03:20","slug":"ruesselsheimer-gardetag","status":"publish","type":"page","link":"https:\/\/www.rcv1936.de\/rcv\/ruesselsheimer-gardetag\/","title":{"rendered":"GARDETAG 2020"},"content":{"rendered":"\n<p>Am 25. November 2019 wurde auf der  RCV &#8211; Mitgliederversammlung ein neuer Vorstand gew\u00e4hlt.<\/p>\n\n\n\n<p><strong>Durch Mitgliederaustritte am Wahltag verringerte sich die Anzahl&nbsp; der Mitgliederanzahl&nbsp; derart,&nbsp;dass der RCV in naher Zukunft nicht in der Lage sein wird, den GARDETAG ( Fastnachtsumzug ) in R\u00fcsselsheim in eigener Regie zu organisieren.&nbsp;<\/strong><\/p>\n\n\n\n<p><strong>Der RCV hatte seit 1961 bis 2019 diesen GARDETAG ( 2019 war der 57. Gardetag ) ausgerichtet.  Willi Bender \/ RCV Pr\u00e4sident \/                                                                             hatte 1961 den Internationalen GARDETAG ins Leben gerufen.                                                                                                        Damals unter anderem mit Teilnehmern aus der Schweiz und einer amerikanischen Milit\u00e4rkapelle<\/strong><\/p>\n\n\n\n<ul class=\"wp-block-gallery columns-1 is-cropped wp-block-gallery-1 is-layout-flex wp-block-gallery-is-layout-flex\"><li class=\"blocks-gallery-item\"><figure><img loading=\"lazy\" decoding=\"async\" width=\"1024\" height=\"768\" src=\"http:\/\/www.rcv1936.de\/rcv\/wp-content\/uploads\/2020\/06\/P1190685-3-1024x768.jpg\" alt=\"\" data-id=\"6158\" data-link=\"http:\/\/www.rcv1936.de\/rcv\/?attachment_id=6158\" class=\"wp-image-6158\" srcset=\"https:\/\/www.rcv1936.de\/rcv\/wp-content\/uploads\/2020\/06\/P1190685-3-1024x768.jpg 1024w, https:\/\/www.rcv1936.de\/rcv\/wp-content\/uploads\/2020\/06\/P1190685-3-300x225.jpg 300w, https:\/\/www.rcv1936.de\/rcv\/wp-content\/uploads\/2020\/06\/P1190685-3-768x576.jpg 768w\" sizes=\"auto, (max-width: 1024px) 100vw, 1024px\" \/><figcaption>RCV Ehrengarde + Offiziere der Reserve<br>Sonntag, 9.2.2020 * 1. Fastnacht OPEN AIR &#8211; Marktplatz R\u00fcsselsheim<\/figcaption><\/figure><\/li><\/ul>\n\n\n\n<p><strong>F\u00fcr die Bev\u00f6lkerung wurde  von Karnevalvereinen aus R\u00fcsselsheim am 9. 2. 2020 die &#8222;1. Fastnacht OPEN AIR&#8220; Veranstaltung auf dem Marktplatz ins Leben gerufen.&nbsp; <\/strong><\/p>\n\n\n\n<p>Wie in den Jahren zuvor, fand ein Gottesdienst mit Guggemusik&nbsp; am Vormittag in der Stadtkirche mit Dekan Kurt Hohmann statt. &nbsp;<\/p>\n\n\n\n<p>Im Gottesdienst eingebunden war die Ehrung durch OB <strong>Udo Bausch<\/strong> mit der \u00dcberreichung seines Ordens an verdiente Karnevalisten.<br>F\u00fcr seine Leistungen im RCV wurde <strong>Klaus Hillg\u00e4rtner<\/strong> damit geehrt.&nbsp;<\/p>\n\n\n\n<ul class=\"wp-block-gallery columns-2 is-cropped wp-block-gallery-2 is-layout-flex wp-block-gallery-is-layout-flex\"><li class=\"blocks-gallery-item\"><figure><img loading=\"lazy\" decoding=\"async\" width=\"768\" height=\"1024\" src=\"http:\/\/www.rcv1936.de\/rcv\/wp-content\/uploads\/2020\/06\/P1190625_Klaus-Hillg\u00e4rtner-Scha50_--768x1024.jpg\" alt=\"\" data-id=\"6159\" data-link=\"http:\/\/www.rcv1936.de\/rcv\/?attachment_id=6159\" class=\"wp-image-6159\" srcset=\"https:\/\/www.rcv1936.de\/rcv\/wp-content\/uploads\/2020\/06\/P1190625_Klaus-Hillg\u00e4rtner-Scha50_--768x1024.jpg 768w, https:\/\/www.rcv1936.de\/rcv\/wp-content\/uploads\/2020\/06\/P1190625_Klaus-Hillg\u00e4rtner-Scha50_--225x300.jpg 225w\" sizes=\"auto, (max-width: 768px) 100vw, 768px\" \/><figcaption>Klaus Hillg\u00e4rtner<\/figcaption><\/figure><\/li><li class=\"blocks-gallery-item\"><figure><img loading=\"lazy\" decoding=\"async\" width=\"813\" height=\"1024\" src=\"http:\/\/www.rcv1936.de\/rcv\/wp-content\/uploads\/2020\/06\/P1190652_DE_1_K100B-44_Scha-100_W31__-813x1024.jpg\" alt=\"\" data-id=\"6160\" data-link=\"http:\/\/www.rcv1936.de\/rcv\/?attachment_id=6160\" class=\"wp-image-6160\" srcset=\"https:\/\/www.rcv1936.de\/rcv\/wp-content\/uploads\/2020\/06\/P1190652_DE_1_K100B-44_Scha-100_W31__-813x1024.jpg 813w, https:\/\/www.rcv1936.de\/rcv\/wp-content\/uploads\/2020\/06\/P1190652_DE_1_K100B-44_Scha-100_W31__-238x300.jpg 238w, https:\/\/www.rcv1936.de\/rcv\/wp-content\/uploads\/2020\/06\/P1190652_DE_1_K100B-44_Scha-100_W31__-768x967.jpg 768w\" sizes=\"auto, (max-width: 813px) 100vw, 813px\" \/><figcaption>Dekan Kurt Hohmann<br>Karl-Heinz Eitel &#8211; RCV<\/figcaption><\/figure><\/li><\/ul>\n","protected":false},"excerpt":{"rendered":"<p>Am 25. November 2019 wurde auf der RCV &#8211; Mitgliederversammlung ein neuer Vorstand gew\u00e4hlt. Durch Mitgliederaustritte am Wahltag verringerte sich die Anzahl&nbsp; der Mitgliederanzahl&nbsp; derart,&nbsp;dass der RCV in naher Zukunft nicht in der Lage sein wird, den GARDETAG ( Fastnachtsumzug &hellip; <a href=\"https:\/\/www.rcv1936.de\/rcv\/ruesselsheimer-gardetag\/\">Weiterlesen <span class=\"meta-nav\">&rarr;<\/span><\/a><\/p>\n","protected":false},"author":10,"featured_media":0,"parent":0,"menu_order":0,"comment_status":"closed","ping_status":"closed","template":"","meta":{"ngg_post_thumbnail":0,"footnotes":""},"class_list":["post-5426","page","type-page","status-publish","hentry"],"_links":{"self":[{"href":"https:\/\/www.rcv1936.de\/rcv\/wp-json\/wp\/v2\/pages\/5426","targetHints":{"allow":["GET"]}}],"collection":[{"href":"https:\/\/www.rcv1936.de\/rcv\/wp-json\/wp\/v2\/pages"}],"about":[{"href":"https:\/\/www.rcv1936.de\/rcv\/wp-json\/wp\/v2\/types\/page"}],"author":[{"embeddable":true,"href":"https:\/\/www.rcv1936.de\/rcv\/wp-json\/wp\/v2\/users\/10"}],"replies":[{"embeddable":true,"href":"https:\/\/www.rcv1936.de\/rcv\/wp-json\/wp\/v2\/comments?post=5426"}],"version-history":[{"count":52,"href":"https:\/\/www.rcv1936.de\/rcv\/wp-json\/wp\/v2\/pages\/5426\/revisions"}],"predecessor-version":[{"id":6274,"href":"https:\/\/www.rcv1936.de\/rcv\/wp-json\/wp\/v2\/pages\/5426\/revisions\/6274"}],"wp:attachment":[{"href":"https:\/\/www.rcv1936.de\/rcv\/wp-json\/wp\/v2\/media?parent=5426"}],"curies":[{"name":"wp","href":"https:\/\/api.w.org\/{rel}","templated":true}]}}