{"id":152,"date":"2014-01-11T18:52:23","date_gmt":"2014-01-11T17:52:23","guid":{"rendered":"http:\/\/www.rcv.de\/?page_id=152"},"modified":"2017-11-06T11:58:58","modified_gmt":"2017-11-06T10:58:58","slug":"zugaufstellung","status":"publish","type":"page","link":"https:\/\/www.rcv1936.de\/rcv\/zugaufstellung\/","title":{"rendered":"ZUGAUFSTELLUNG UND ZUGINFOS"},"content":{"rendered":"<p>Hier erhalten Sie die geplante Zugaufstellung sowie alle notwendigen Zuginformationen f\u00fcr den gro\u00dfen Fastnachtsumzug am Sonntag, den xx.xx.201X in R\u00fcsselsheim<strong>. <\/strong><\/p>\n<p>Damit der Umzug p\u00fcnktlich um xx:xx starten kann bitten wir alle Zugteilnehmer sich bis sp\u00e4testens um xx:xx an Ihrem jeweiligen Zugaufstellungsplatz einzufinden.<\/p>\n<p>Beachten Sie bitte auch die Auflagen f\u00fcr Festwagen.<\/p>\n<p><strong>Zugweg: <\/strong><\/p>\n<p><a href=\"http:\/\/www.rcv1936.de\/rcv\/wp-content\/uploads\/2014\/01\/Zugaufstellung.jpg\"><img loading=\"lazy\" decoding=\"async\" class=\"alignleft wp-image-5194\" src=\"http:\/\/www.rcv1936.de\/rcv\/wp-content\/uploads\/2014\/01\/Zugaufstellung.jpg\" alt=\"zugaufstellung\" width=\"742\" height=\"524\" srcset=\"https:\/\/www.rcv1936.de\/rcv\/wp-content\/uploads\/2014\/01\/Zugaufstellung.jpg 4967w, https:\/\/www.rcv1936.de\/rcv\/wp-content\/uploads\/2014\/01\/Zugaufstellung-300x212.jpg 300w, https:\/\/www.rcv1936.de\/rcv\/wp-content\/uploads\/2014\/01\/Zugaufstellung-768x542.jpg 768w, https:\/\/www.rcv1936.de\/rcv\/wp-content\/uploads\/2014\/01\/Zugaufstellung-1024x723.jpg 1024w\" sizes=\"auto, (max-width: 742px) 100vw, 742px\" \/><\/a><\/p>\n<p>&nbsp;<\/p>\n<p>&nbsp;<\/p>\n<p><strong>Zugaufl\u00f6sung:<\/strong> f\u00fcr Fahrzeuge Ludwigstra\u00dfe\/Abzweig Schulstra\u00dfe in Richtung Weisenauer Stra\u00dfe, f\u00fcr Fu\u00dfgruppen auf dem Marktplatz.<\/p>\n<p><strong>Stra\u00dfensperrung | Umleitung des \u00d6PNV<\/strong> <strong>| <\/strong><br \/>\n<em>Bekanntmachungen der Stadt R\u00fcsselsheim vom xx.xx.201X:<\/em><\/p>\n<h1 class=\"database\">Innenstadt am Sonntag wegen Fastnachtsumzug gesperrt<\/h1>\n<div class=\"press-txt-container\">\n<p class=\"bodytext\">Auf Grund der Stra\u00dfenfastnacht am Sonntag (12. Februar) ist die R\u00fcsselsheimer Innenstadt von 13 bis etwa 16.30 Uhr f\u00fcr den gesamten Fahrzeugverkehr gesperrt. Die Sperrung erfolgt aus s\u00fcdlicher Richtung ab der Einfahrt zur Stadtunterf\u00fchrung, aus \u00f6stlicher Richtung ab der B 43 \/ Frankfurter Stra\u00dfe und aus westlicher Richtung ab der Friedrichstra\u00dfe. Es wird darum gebeten, die Innenstadt gro\u00dfr\u00e4umig \u00fcber die B 43 (Rugbyring) zu umfahren. Die Anwohnerinnen und Anwohner des betroffenen Gebiets werden gebeten, die Zeit der Sperrung zu beachten und ihr Fahrzeug f\u00fcr diese Zeit au\u00dferhalb des gesperrten Bereichs parken.<br \/>\nDie Haltestellen der Buslinien 1, 6, 31, 32, 41, 42, 51 und 52 werden vom Busbahnhof f\u00fcr die Zeit der Sperrung auf die Darmst\u00e4dter Stra\u00dfe (Bahnhof S\u00fcdseite) verlegt. Die Busse der Linie 72 (LNVG) fahren von 12.50 Uhr bis 17.15 Uhr die Haltestellen der Innenstadt nicht an, sondern die Haltestelle \u201eMoselstra\u00dfe\u201c. Der Taxistand am Bahnhof wird f\u00fcr die Zeit von 12 Uhr bis 16.30 Uhr auf die S\u00fcdseite des Bahnhofes in die Elisabethenstra\u00dfe verlegt.<br \/>\nDie Verkehrsteilnehmerinnen und -teilnehmer werden gebeten, die zus\u00e4tzlich aufgestellten Verkehrszeichen \u201eabsolutes Haltverbot\u201c zu beachten, um dem Fastnachtsumzug einen ungehinderten Verlauf zu garantieren.<\/p>\n<\/div>\n<h3><strong><em>Eigene Hinweise:<\/em><\/strong><\/h3>\n<p>Beachten Sie bitte die Ank\u00fcndigungen der lokalen Presse bzw. die Ver\u00f6ffentlichungen der <a title=\"Stadt R\u00fcsselsheim\" href=\"http:\/\/www.stadt-ruesselsheim.de\" target=\"_blank\">Stadt R\u00fcsselsheim<\/a> und der <a title=\"Stadtwerke R\u00fcsselsheim\" href=\"http:\/\/www.stadtwerke-ruesselsheim.de\" target=\"_blank\">Stadtwerke R\u00fcsselsheim<\/a> sowie des <a title=\"RMV\" href=\"http:\/\/www.rmv.de\" target=\"_blank\">RMV<\/a> zu Zeiten und Umfang. Teilnehmer-Busse sollten rechtzeitig am Mainparkplatz\/Landungsplatz geparkt werden. Die Abfahrt ist generell jedoch erst nach Beendigung des Zuges und Freigabe durch die Ordnungsbeh\u00f6rden m\u00f6glich.<\/p>\n<p>Die Zugnummern sind auf dem Fahrbahnbelag oder mittels Schilder gekennzeichnet.<\/p>\n<p>Bitte beachten Sie, dass bei allen genannten Daten \u00c4nderungen und Zus\u00e4tze &#8211; auch kurzfristig &#8211; vorbehalten bleiben.<\/p>\n<p>Bei Fragen zur Zugaufstellung wenden Sie sich bitte an unser &#8222;OK Stra\u00dfenfastnacht&#8220;.<br \/>\nF\u00fcr Medienanfragen wenden Sie sich bitte an den Mediensprecher des RCV.<\/p>\n<p><strong>Geplante Zugaufstellung 201X<\/strong><\/p>\n<p>Die Zugaufstellung beginnt um xx:xx Uhr im Opel Altwerk &#8211; Zutritt durch das Hauptportal Marktstra\u00dfe, R\u00fcsselsheim<\/p>\n<p><span style=\"font-size: 16px;\"><br \/>\n<\/span><\/p>\n<p><em>\u00c4nderungen und Zus\u00e4tze, auch kurzfristig, bleiben vorbehalten!<\/em><\/p>\n","protected":false},"excerpt":{"rendered":"<p>Hier erhalten Sie die geplante Zugaufstellung sowie alle notwendigen Zuginformationen f\u00fcr den gro\u00dfen Fastnachtsumzug am Sonntag, den xx.xx.201X in R\u00fcsselsheim. Damit der Umzug p\u00fcnktlich um xx:xx starten kann bitten wir alle Zugteilnehmer sich bis sp\u00e4testens um xx:xx an Ihrem jeweiligen &hellip; <a href=\"https:\/\/www.rcv1936.de\/rcv\/zugaufstellung\/\">Weiterlesen <span class=\"meta-nav\">&rarr;<\/span><\/a><\/p>\n","protected":false},"author":2,"featured_media":0,"parent":0,"menu_order":0,"comment_status":"closed","ping_status":"closed","template":"","meta":{"ngg_post_thumbnail":0,"footnotes":""},"class_list":["post-152","page","type-page","status-publish","hentry"],"_links":{"self":[{"href":"https:\/\/www.rcv1936.de\/rcv\/wp-json\/wp\/v2\/pages\/152","targetHints":{"allow":["GET"]}}],"collection":[{"href":"https:\/\/www.rcv1936.de\/rcv\/wp-json\/wp\/v2\/pages"}],"about":[{"href":"https:\/\/www.rcv1936.de\/rcv\/wp-json\/wp\/v2\/types\/page"}],"author":[{"embeddable":true,"href":"https:\/\/www.rcv1936.de\/rcv\/wp-json\/wp\/v2\/users\/2"}],"replies":[{"embeddable":true,"href":"https:\/\/www.rcv1936.de\/rcv\/wp-json\/wp\/v2\/comments?post=152"}],"version-history":[{"count":123,"href":"https:\/\/www.rcv1936.de\/rcv\/wp-json\/wp\/v2\/pages\/152\/revisions"}],"predecessor-version":[{"id":5416,"href":"https:\/\/www.rcv1936.de\/rcv\/wp-json\/wp\/v2\/pages\/152\/revisions\/5416"}],"wp:attachment":[{"href":"https:\/\/www.rcv1936.de\/rcv\/wp-json\/wp\/v2\/media?parent=152"}],"curies":[{"name":"wp","href":"https:\/\/api.w.org\/{rel}","templated":true}]}}